{"id":53,"date":"2023-10-26T09:04:40","date_gmt":"2023-10-26T07:04:40","guid":{"rendered":"https:\/\/hirschberg.se.hemsida.eu\/?page_id=53"},"modified":"2024-02-01T10:47:19","modified_gmt":"2024-02-01T09:47:19","slug":"jurek-consulting-tlumaczenie-polski-angielski-szwedzki","status":"publish","type":"page","link":"https:\/\/hirschberg.se.hemsida.eu\/pl\/jurek-consulting-tlumaczenie-polski-angielski-szwedzki\/","title":{"rendered":"O mnie"},"content":{"rendered":"\n<p>Dzia\u0142am na rozdro\u017cach Europy P\u00f3\u0142nocnej i Centralnej, na pograniczu kultury i techniki, w sferze, gdzie \u015bcieraj\u0105 si\u0119 z sob\u0105 odmienne kultury j\u0119zykowe i to\u017csamo\u015bci etniczne. Chcia\u0142bym przyczyni\u0107 si\u0119 do prze\u0142amania barier i wykorzystania potencja\u0142u tych spotka\u0144.<\/p>\n\n\n\n<h3 class=\"wp-block-heading\">Do\u015bwiadczenie zawodowe<\/h3>\n\n\n\n<ul class=\"wp-block-list\">\n<li>2003\u2013 &nbsp; &nbsp; &nbsp; &nbsp; &nbsp;Hirschberg Consulting: niezale\u017cny konsultant i t\u0142umacz (polski, szwedzki, angielski)<\/li>\n\n\n\n<li>2005\u20132009 &nbsp;Paxport: IT Manager, W\u0142a\u015bciciel Produktu<\/li>\n\n\n\n<li>2000\u20132002 &nbsp;Sonera SmartTrust: dyrektor ds.&nbsp;rozwoju dzia\u0142alno\u015bci i produktu<\/li>\n\n\n\n<li>1997\u20132000 &nbsp;iD2 Technologies: dyrektor ds.&nbsp;bada\u0144 i rozwoju<\/li>\n\n\n\n<li>1996\u20131997 &nbsp;AU-System Network: dyrektor ds.&nbsp;handlowych<\/li>\n\n\n\n<li>1994\u20131996 &nbsp;AU-System Communication: dyrektor sprzeda\u017cy<\/li>\n\n\n\n<li>1988\u20131994 &nbsp;Verimation: dyrektor ds.&nbsp;rozwoju rynku, dyrektor ds.&nbsp;bada\u0144 i rozwoju<\/li>\n\n\n\n<li>1974\u20131987 &nbsp;Volvo Data: architekt oprogramowania, szef pionu system\u00f3w komercyjnych<\/li>\n<\/ul>\n\n\n\n<h3 class=\"wp-block-heading\">Formalne kwalifikacje<\/h3>\n\n\n\n<ul class=\"wp-block-list\">\n<li>T\u0142umacz przysi\u0119g\u0142y z j\u0119zyka polskiego na szwedzki i odwrotnie<\/li>\n\n\n\n<li>T\u0142umacz przysi\u0119g\u0142y z j\u0119zyka angielskiego na szwedzki<\/li>\n\n\n\n<li>Magister in\u017cynier z dyplomem politechniki w G\u00f6teborgu<\/li>\n\n\n\n<li>Absolwent programu kierowania przedsi\u0119biorstwem, IFL przy Wy\u017cszej Szkole Handlowej w Sztokholmie<\/li>\n\n\n\n<li>Certified Scrum Product Owner<\/li>\n\n\n\n<li>The European IST Grand&nbsp;Prize przyznana jednemu z produkt\u00f3w przez Komisj\u0119 Europejsk\u0105<\/li>\n\n\n\n<li>Publikacje&nbsp;<a href=\"https:\/\/www.hirschberg.se\/pl\/tlumaczenie-literatury-polski-angielski-szwedzki\/\" target=\"_blank\" rel=\"noopener\">t\u0142umacze\u0144 literatury<\/a>&nbsp;pi\u0119knej<\/li>\n<\/ul>\n\n\n\n<h3 class=\"wp-block-heading\">J\u0119zyki<\/h3>\n\n\n\n<p>Polski, szwedzki i angielski (r\u00f3wnie\u017c konwersacyjny rosyjski, francuski i niemiecki).<\/p>\n\n\n\n<p>Odpowiem ch\u0119tnie na pytania.&nbsp;<a href=\"https:\/\/www.hirschberg.se\/pl\/kontakt-consulting-tlumaczenie-polski-angielski-szwedzki\/\" target=\"_blank\" rel=\"noopener\">Prosz\u0119 o kontakt<\/a>.<\/p>\n","protected":false},"excerpt":{"rendered":"<p>Dzia\u0142am na rozdro\u017cach Europy P\u00f3\u0142nocnej i Centralnej, na pograniczu kultury i techniki, w sferze, gdzie \u015bcieraj\u0105 si\u0119 z sob\u0105 odmienne kultury j\u0119zykowe i to\u017csamo\u015bci etniczne. Chcia\u0142bym przyczyni\u0107 si\u0119 do prze\u0142amania barier i wykorzystania potencja\u0142u tych spotka\u0144. Do\u015bwiadczenie zawodowe Formalne kwalifikacje J\u0119zyki Polski, szwedzki i angielski (r\u00f3wnie\u017c konwersacyjny rosyjski, francuski i niemiecki). Odpowiem ch\u0119tnie na pytania.&nbsp;Prosz\u0119 [&hellip;]<\/p>\n","protected":false},"author":1,"featured_media":0,"parent":0,"menu_order":30,"comment_status":"closed","ping_status":"closed","template":"","meta":{"footnotes":""},"class_list":["post-53","page","type-page","status-publish","hentry"],"_links":{"self":[{"href":"https:\/\/hirschberg.se.hemsida.eu\/pl\/wp-json\/wp\/v2\/pages\/53","targetHints":{"allow":["GET"]}}],"collection":[{"href":"https:\/\/hirschberg.se.hemsida.eu\/pl\/wp-json\/wp\/v2\/pages"}],"about":[{"href":"https:\/\/hirschberg.se.hemsida.eu\/pl\/wp-json\/wp\/v2\/types\/page"}],"author":[{"embeddable":true,"href":"https:\/\/hirschberg.se.hemsida.eu\/pl\/wp-json\/wp\/v2\/users\/1"}],"replies":[{"embeddable":true,"href":"https:\/\/hirschberg.se.hemsida.eu\/pl\/wp-json\/wp\/v2\/comments?post=53"}],"version-history":[{"count":2,"href":"https:\/\/hirschberg.se.hemsida.eu\/pl\/wp-json\/wp\/v2\/pages\/53\/revisions"}],"predecessor-version":[{"id":1740,"href":"https:\/\/hirschberg.se.hemsida.eu\/pl\/wp-json\/wp\/v2\/pages\/53\/revisions\/1740"}],"wp:attachment":[{"href":"https:\/\/hirschberg.se.hemsida.eu\/pl\/wp-json\/wp\/v2\/media?parent=53"}],"curies":[{"name":"wp","href":"https:\/\/api.w.org\/{rel}","templated":true}]}}