{"id":51,"date":"2023-10-26T09:04:09","date_gmt":"2023-10-26T07:04:09","guid":{"rendered":"https:\/\/hirschberg.se.hemsida.eu\/?page_id=51"},"modified":"2024-02-01T10:48:07","modified_gmt":"2024-02-01T09:48:07","slug":"tlumacz-przysiegly-polski-angielski-szwedzki","status":"publish","type":"page","link":"https:\/\/hirschberg.se.hemsida.eu\/pl\/tlumacz-przysiegly-polski-angielski-szwedzki\/","title":{"rendered":"Us\u0142ugi j\u0119zykowe"},"content":{"rendered":"\n<p>Szukasz t\u0142umacza mi\u0119dzy polskim, szwedzkim i angielskim?&nbsp;<a href=\"https:\/\/www.hirschberg.se\/pl\/kontakt-consulting-tlumaczenie-polski-angielski-szwedzki\/\" target=\"_blank\" rel=\"noopener\">Zapytaj o ofert\u0119<\/a>!&nbsp;Jestem tak\u017ce&nbsp;<a href=\"http:\/\/www.kammarkollegiet.se\/translator\/en\/details\/10159\" target=\"_blank\" rel=\"noreferrer noopener\">t\u0142umaczem przysi\u0119g\u0142ym<\/a>&nbsp;zar\u00f3wno z j\u0119zyka polskiego i angielskiego na szwedzki, jak i ze szwedzkiego na polski, uprawnionym do tego przez szwedzki pa\u0144stwowy Urz\u0105d Us\u0142ug Prawnych, Fiinansowych i Administracyjnych&nbsp;(<em>Kammarkollegiet<\/em>). Moje typowe zlecenia:<\/p>\n\n\n\n<ul class=\"wp-block-list\">\n<li>Za\u015bwiadczenia, opinie, \u015bwiadectwa, dyplomy.<\/li>\n\n\n\n<li>Listy, artyku\u0142y, literatura fachowa, studia, prace dyplomowe.<\/li>\n\n\n\n<li>Dokumenty ewidencyjne, historyczne, genealogiczne.<\/li>\n\n\n\n<li>Strony internetowe, materia\u0142y marketingowe.<\/li>\n\n\n\n<li>Specyfikacje techniczne, umowy, dokumenty s\u0105dowe.<\/li>\n<\/ul>\n\n\n\n<p>T\u0142umacz\u0119 r\u00f3wnie\u017c&nbsp;<a href=\"https:\/\/www.hirschberg.se\/pl\/tlumaczenie-literatury-polski-angielski-szwedzki\/\" target=\"_blank\" rel=\"noopener\">literatur\u0119 pi\u0119kn\u0105<\/a>.<\/p>\n","protected":false},"excerpt":{"rendered":"<p>Szukasz t\u0142umacza mi\u0119dzy polskim, szwedzkim i angielskim?&nbsp;Zapytaj o ofert\u0119!&nbsp;Jestem tak\u017ce&nbsp;t\u0142umaczem przysi\u0119g\u0142ym&nbsp;zar\u00f3wno z j\u0119zyka polskiego i angielskiego na szwedzki, jak i ze szwedzkiego na polski, uprawnionym do tego przez szwedzki pa\u0144stwowy Urz\u0105d Us\u0142ug Prawnych, Fiinansowych i Administracyjnych&nbsp;(Kammarkollegiet). Moje typowe zlecenia: T\u0142umacz\u0119 r\u00f3wnie\u017c&nbsp;literatur\u0119 pi\u0119kn\u0105.<\/p>\n","protected":false},"author":1,"featured_media":0,"parent":0,"menu_order":20,"comment_status":"closed","ping_status":"closed","template":"","meta":{"footnotes":""},"class_list":["post-51","page","type-page","status-publish","hentry"],"_links":{"self":[{"href":"https:\/\/hirschberg.se.hemsida.eu\/pl\/wp-json\/wp\/v2\/pages\/51","targetHints":{"allow":["GET"]}}],"collection":[{"href":"https:\/\/hirschberg.se.hemsida.eu\/pl\/wp-json\/wp\/v2\/pages"}],"about":[{"href":"https:\/\/hirschberg.se.hemsida.eu\/pl\/wp-json\/wp\/v2\/types\/page"}],"author":[{"embeddable":true,"href":"https:\/\/hirschberg.se.hemsida.eu\/pl\/wp-json\/wp\/v2\/users\/1"}],"replies":[{"embeddable":true,"href":"https:\/\/hirschberg.se.hemsida.eu\/pl\/wp-json\/wp\/v2\/comments?post=51"}],"version-history":[{"count":2,"href":"https:\/\/hirschberg.se.hemsida.eu\/pl\/wp-json\/wp\/v2\/pages\/51\/revisions"}],"predecessor-version":[{"id":1741,"href":"https:\/\/hirschberg.se.hemsida.eu\/pl\/wp-json\/wp\/v2\/pages\/51\/revisions\/1741"}],"wp:attachment":[{"href":"https:\/\/hirschberg.se.hemsida.eu\/pl\/wp-json\/wp\/v2\/media?parent=51"}],"curies":[{"name":"wp","href":"https:\/\/api.w.org\/{rel}","templated":true}]}}